{"id":17,"date":"2024-10-22T04:13:28","date_gmt":"2024-10-22T04:13:28","guid":{"rendered":"https:\/\/tdtcthienduongtrochoi.com\/?page_id=17"},"modified":"2024-10-23T13:26:44","modified_gmt":"2024-10-23T13:26:44","slug":"ung-dung","status":"publish","type":"page","link":"https:\/\/tdtcthienduongtrochoi.com\/","title":{"rendered":"\u1ee8ng d\u1ee5ng"},"content":{"rendered":"\n<div class=\"row\"  id=\"row-980159701\">\n\n\n\t<div id=\"col-1791717247\" class=\"col pb-0 medium-9 small-12 large-9\"  >\n\t\t\t\t<div class=\"col-inner\"  >\n\t\t\t\n\t\t\t\n\n<div class=\"row main-title-row\"  id=\"row-1477657027\">\n\n\n\t<div id=\"col-1443489470\" class=\"col main-app-logo show-for-small medium-3 small-12 large-3\"  >\n\t\t\t\t<div class=\"col-inner\"  >\n\t\t\t\n\t\t\t\n\n\t<div class=\"img has-hover image-radius x md-x lg-x y md-y lg-y\" id=\"image_2028114467\">\n\t\t\t\t\t\t\t\t<div class=\"img-inner dark\" >\n\t\t\t<img loading=\"lazy\" decoding=\"async\" width=\"512\" height=\"512\" src=\"https:\/\/tdtcthienduongtrochoi.com\/wp-content\/uploads\/2024\/10\/logo.png\" class=\"attachment-large size-large\" alt=\"\" srcset=\"https:\/\/tdtcthienduongtrochoi.com\/wp-content\/uploads\/2024\/10\/logo.png 512w, https:\/\/tdtcthienduongtrochoi.com\/wp-content\/uploads\/2024\/10\/logo-300x300.png 300w, https:\/\/tdtcthienduongtrochoi.com\/wp-content\/uploads\/2024\/10\/logo-150x150.png 150w\" sizes=\"auto, (max-width: 512px) 100vw, 512px\" \/>\t\t\t\t\t\t\n\t\t\t\t\t<\/div>\n\t\t\t\t\t\t\t\t\n<style>\n#image_2028114467 {\n  width: 100%;\n}\n<\/style>\n\t<\/div>\n\t\n\n\n\t\t<\/div>\n\t\t\t\t\t<\/div>\n\n\t\n\n\t<div id=\"col-1796345588\" class=\"col main-title-col medium-8 small-12 large-8\"  >\n\t\t\t\t<div class=\"col-inner\"  >\n\t\t\t\n\t\t\t\n\n\t<div id=\"text-2235809504\" class=\"text main-title\">\n\t\t\n\n<h1>TDTC &#8211; Thi\u00ean \u0110\u01b0\u1eddng Tr\u00f2 Ch\u01a1i<\/h1>\n<p class=\"owner\">TDTC Games<\/p>\n<p>Mi\u1ec5n ph\u00ed<\/p>\n\t\t\t<\/div>\n\t\n\n\t\t<\/div>\n\t\t\t\t\t<\/div>\n\n\t\n\n<\/div>\n<div class=\"row rating-info-wrapper\"  id=\"row-1905929070\">\n\n\n\t<div id=\"col-1702052987\" class=\"col rating-info-col medium-6 small-12 large-6\"  >\n\t\t\t\t<div class=\"col-inner\"  >\n\t\t\t\n\t\t\t\n\n<div class=\"row rating-info\"  id=\"row-860972670\">\n\n\n\t<div id=\"col-433734313\" class=\"col medium-4 small-12 large-4\"  >\n\t\t\t\t<div class=\"col-inner\"  >\n\t\t\t\n\t\t\t\n\n\t<div id=\"text-3819531060\" class=\"text rate-info\">\n\t\t\n\n<p class=\"main-rate-info\" style=\"text-align: center;\">4,8<i class=\"google-material-icons ERwvGb\" aria-hidden=\"true\">star<\/i><\/p>\n<p style=\"text-align: center;\">367 ngh\u00ecn \u0111\u00e1nh gi\u00e1<\/p>\n\t\t\n<style>\n#text-3819531060 {\n  font-size: 0.75rem;\n}\n<\/style>\n\t<\/div>\n\t\n\n\t\t<\/div>\n\t\t\t\t\t<\/div>\n\n\t\n\n\t<div id=\"col-861936427\" class=\"col medium-4 small-12 large-4\"  >\n\t\t\t\t<div class=\"col-inner\"  >\n\t\t\t\n\t\t\t\n\n\t<div id=\"text-3657893974\" class=\"text\">\n\t\t\n\n<p class=\"main-rate-info\" style=\"text-align: center;\">100M+<\/p>\n<p style=\"text-align: center;\">L\u01b0\u1ee3t t\u1ea3i xu\u1ed1ng<\/p>\n\t\t\n<style>\n#text-3657893974 {\n  font-size: 0.75rem;\n}\n<\/style>\n\t<\/div>\n\t\n\n\t\t<\/div>\n\t\t\t\t\t<\/div>\n\n\t\n\n\t<div id=\"col-484053310\" class=\"col medium-4 small-12 large-4\"  >\n\t\t\t\t<div class=\"col-inner\"  >\n\t\t\t\n\t\t\t\n\n\t<div id=\"text-190237333\" class=\"text\">\n\t\t\n\n<p><img loading=\"lazy\" decoding=\"async\" class=\"aligncenter wp-image-28\" src=\"https:\/\/tdtcthienduongtrochoi.com\/wp-content\/uploads\/2024\/10\/l1.png\" alt=\"\" width=\"16\" height=\"16\" \/><\/p>\n<p style=\"text-align: center;\">Ph\u00e2n lo\u1ea1i mi\u1ec5n ph\u00ed<\/p>\n\t\t\n<style>\n#text-190237333 {\n  font-size: 0.75rem;\n}\n<\/style>\n\t<\/div>\n\t\n\n\t\t<\/div>\n\t\t\t\t\t<\/div>\n\n\t\n\n<\/div>\n\n\t\t<\/div>\n\t\t\t\t\t<\/div>\n\n\t\n\n<\/div>\n<div class=\"row align-middle action-row\"  id=\"row-403979123\">\n\n\n\n\t<div id=\"col-1723453028\" class=\"col medium-3 small-12 large-3\"  >\n\t\t\t\t<div class=\"col-inner\"  >\n\t\t\t\n\t\t\t\n\n<a class=\"button primary expand\"  style=\"border-radius:10px;\">\n    <span>C\u00e0i \u0111\u1eb7t<\/span>\n  <\/a>\n\n\n\n\t\t<\/div>\n\t\t\t\t\t<\/div>\n\n\t\n\n\t<div id=\"col-62112242\" class=\"col save-and-share medium-6 small-12 large-6\"  >\n\t\t\t\t<div class=\"col-inner\"  >\n\t\t\t\n\t\t\t\n\n\t<div id=\"text-3543816580\" class=\"text share-button\">\n\t\t\n\n<p><a class=\"share-btn\" href=\"#\"><img loading=\"lazy\" decoding=\"async\" class=\"alignnone wp-image-27\" src=\"\/wp-content\/uploads\/2024\/10\/svgexport-7.svg\" alt=\"\" width=\"24\" height=\"24\" \/> Chia s\u1ebb<\/a><\/p>\n\t\t\t<\/div>\n\t\n\t<div id=\"text-2155160042\" class=\"text save-button\">\n\t\t\n\n<p><a class=\"save-btn\" href=\"#\"><img decoding=\"async\" class=\"size-full wp-image-97 alignnone\" src=\"\/wp-content\/uploads\/2024\/10\/svgexport-8.svg\" alt=\"\" \/>Th\u00eam v\u00e0o danh s\u00e1ch y\u00eau th\u00edch<\/a><\/p>\n\t\t\t<\/div>\n\t\n\n\t\t<\/div>\n\t\t\t\t\t<\/div>\n\n\t\n\n<\/div>\n\t<div id=\"text-623275695\" class=\"text app-note\">\n\t\t\n\n<p> <i class=\"google-material-icons\" aria-hidden=\"true\">devices<\/i>\u00a0\u1ee8ng d\u1ee5ng n\u00e0y c\u00f3 s\u1eb5n cho t\u1ea5t c\u1ea3 thi\u1ebft b\u1ecb c\u1ee7a b\u1ea1n<\/p>\n\t\t\t<\/div>\n\t\n<div class=\"row\"  id=\"row-2032198389\">\n\n\n\t<div id=\"col-382779575\" class=\"col image-col small-12 large-12\"  >\n\t\t\t\t<div class=\"col-inner\"  >\n\t\t\t\n\t\t\t\n\n<div class=\"slider-wrapper relative\" id=\"slider-1719643116\" >\n    <div class=\"slider slider-nav-circle slider-nav-large slider-nav-light slider-style-normal\"\n        data-flickity-options='{\n            \"cellAlign\": \"left\",\n            \"imagesLoaded\": true,\n            \"lazyLoad\": 1,\n            \"freeScroll\": false,\n            \"wrapAround\": true,\n            \"autoPlay\": 6000,\n            \"pauseAutoPlayOnHover\" : true,\n            \"prevNextButtons\": true,\n            \"contain\" : true,\n            \"adaptiveHeight\" : true,\n            \"dragThreshold\" : 10,\n            \"percentPosition\": true,\n            \"pageDots\": false,\n            \"rightToLeft\": false,\n            \"draggable\": true,\n            \"selectedAttraction\": 0.1,\n            \"parallax\" : 0,\n            \"friction\": 0.6        }'\n        >\n        \n\n\t<div class=\"img has-hover game-slider x md-x lg-x y md-y lg-y\" id=\"image_300891993\">\n\t\t\t\t\t\t\t\t<div class=\"img-inner dark\" >\n\t\t\t<img loading=\"lazy\" decoding=\"async\" width=\"587\" height=\"330\" src=\"https:\/\/tdtcthienduongtrochoi.com\/wp-content\/uploads\/2024\/10\/2.png\" class=\"attachment-large size-large\" alt=\"\" srcset=\"https:\/\/tdtcthienduongtrochoi.com\/wp-content\/uploads\/2024\/10\/2.png 587w, https:\/\/tdtcthienduongtrochoi.com\/wp-content\/uploads\/2024\/10\/2-300x169.png 300w\" sizes=\"auto, (max-width: 587px) 100vw, 587px\" \/>\t\t\t\t\t\t\n\t\t\t\t\t<\/div>\n\t\t\t\t\t\t\t\t\n<style>\n#image_300891993 {\n  width: 100%;\n}\n<\/style>\n\t<\/div>\n\t\n\n\t<div class=\"img has-hover game-slider x md-x lg-x y md-y lg-y\" id=\"image_323296959\">\n\t\t\t\t\t\t\t\t<div class=\"img-inner dark\" >\n\t\t\t<img loading=\"lazy\" decoding=\"async\" width=\"587\" height=\"330\" src=\"https:\/\/tdtcthienduongtrochoi.com\/wp-content\/uploads\/2024\/10\/3.png\" class=\"attachment-large size-large\" alt=\"\" srcset=\"https:\/\/tdtcthienduongtrochoi.com\/wp-content\/uploads\/2024\/10\/3.png 587w, https:\/\/tdtcthienduongtrochoi.com\/wp-content\/uploads\/2024\/10\/3-300x169.png 300w\" sizes=\"auto, (max-width: 587px) 100vw, 587px\" \/>\t\t\t\t\t\t\n\t\t\t\t\t<\/div>\n\t\t\t\t\t\t\t\t\n<style>\n#image_323296959 {\n  width: 100%;\n}\n<\/style>\n\t<\/div>\n\t\n\n\n     <\/div>\n\n     <div class=\"loading-spin dark large centered\"><\/div>\n\n\t\n<style>\n#slider-1719643116 .flickity-slider > * {\n  max-width: 70%!important;\n}\n<\/style>\n<\/div>\n\n\n\n\t\t<\/div>\n\t\t\t\t\n<style>\n#col-382779575 > .col-inner {\n  margin: 40px 0px 0px 0px;\n}\n<\/style>\n\t<\/div>\n\n\t\n\n<\/div>\n<div class=\"row\"  id=\"row-34420773\">\n\n\n\t<div id=\"col-868560841\" class=\"col small-12 large-12\"  >\n\t\t\t\t<div class=\"col-inner\"  >\n\t\t\t\n\t\t\t\n\n<div class=\"row headline-row\"  id=\"row-1178959123\">\n\n\n\t<div id=\"col-1545252555\" class=\"col headline-col small-12 large-12\"  >\n\t\t\t\t<div class=\"col-inner\"  >\n\t\t\t\n\t\t\t\n\n<h2 class=\"headline\">Gi\u1edbi thi\u1ec7u v\u1ec1 tr\u00f2 ch\u01a1i n\u00e0y<\/h2>\n<a href=\"#\" class=\"button primary lowercase custom-button\"  >\n    <span><\/span>\n  <\/a>\n\n\n\n\t\t<\/div>\n\t\t\t\t\t<\/div>\n\n\t\n\n<\/div>\n\t<div id=\"text-711218964\" class=\"text description-content\">\n\t\t\n\n<p class=\"descript\">Thi\u00ean \u0110\u01b0\u1eddng Tr\u00f2 Ch\u01a1i l\u00e0 c\u1ed5ng game \u0111\u1ed5i th\u01b0\u1edfng xanh ch\u00edn s\u1ed1 1 ch\u00e2u \u00c1. T\u1ea1i Vi\u1ec7t Nam, n\u1ec1n t\u1ea3ng c\u00e1 c\u01b0\u1ee3c n\u00e0y \u0111\u00e3 thu h\u00fat h\u01a1n 3 tri\u1ec7u th\u00e0nh vi\u00ean truy c\u1eadp. Ngo\u00e0i ch\u01a1i nhanh b\u1ea3n web, b\u1ea1n c\u00f3 th\u1ec3 t\u1ea3i \u1ee9ng d\u1ee5ng v\u1ec1 thi\u1ebft b\u1ecb di \u0111\u1ed9ng d\u1ec5 d\u00e0ng, t\u1eadn h\u01b0\u1edfng kh\u00f4ng gian gi\u1ea3i tr\u00ed m\u1ecdi l\u00fac m\u1ecdi n\u01a1i kh\u00f4ng gi\u1edbi h\u1ea1n.<\/p>\n<div class=\"last-updated\">L\u1ea7n c\u1eadp nh\u1eadt g\u1ea7n nh\u1ea5t<\/div>\n<div class=\"updated-at\">8 thg 3, 2024<\/div>\n<div><a class=\"button is-outline white\" href=\"#\">S\u00f2ng b\u1ea1c<\/a><\/div>\n\t\t\t<\/div>\n\t\n<div class=\"row headline-row\"  id=\"row-553504286\">\n\n\n\t<div id=\"col-1483794068\" class=\"col headline-col small-12 large-12\"  >\n\t\t\t\t<div class=\"col-inner\"  >\n\t\t\t\n\t\t\t\n\n<h2 class=\"headline\">An to\u00e0n d\u1eef li\u1ec7u<\/h2>\n<a href=\"#\" class=\"button primary lowercase custom-button\"  >\n    <span><\/span>\n  <\/a>\n\n\n\n\t\t<\/div>\n\t\t\t\t\t<\/div>\n\n\t\n\n<\/div>\n\t<div id=\"text-3190406062\" class=\"text description-content\">\n\t\t\n\n<p>B\u1ea3o m\u1eadt c\u1ee7a b\u1ea1n b\u1eaft \u0111\u1ea7u b\u1eb1ng vi\u1ec7c hi\u1ec3u c\u00e1ch C\u00e1c nh\u00e0 ph\u00e1t tri\u1ec3n thu th\u1eadp v\u00e0 chia s\u1ebb d\u1eef li\u1ec7u c\u1ee7a b\u1ea1n. Nh\u1eefng th\u1ef1c ti\u1ec5n c\u1ee7a b\u1ea3o m\u1eadt d\u1eef li\u1ec7u v\u00e0 quy\u1ec1n ri\u00eang t\u01b0 c\u00f3 th\u1ec3 kh\u00e1c nhau t\u00f9y thu\u1ed9c v\u00e0o vi\u1ec7c s\u1eed d\u1ee5ng, khu v\u1ef1c v\u00e0 \u0111\u1ed9 tu\u1ed5i. Nh\u00e0 ph\u00e1t tri\u1ec3n \u0111\u00e3 cung c\u1ea5p c\u00e1c th\u00f4ng tin sau, c\u00f3 th\u1ec3 \u0111\u01b0\u1ee3c c\u1eadp nh\u1eadt theo th\u1eddi gian.<\/p>\n\t\t\t<\/div>\n\t\n\n\t\t<\/div>\n\t\t\t\t\t<\/div>\n\n\t\n\n<\/div>\n<div class=\"row security-box\"  id=\"row-70604936\">\n\n\n\t<div id=\"col-1694183616\" class=\"col box-security small-12 large-12\"  >\n\t\t\t\t<div class=\"col-inner\"  >\n\t\t\t\n\t\t\t\n\n\n\t\t<div class=\"icon-box featured-box icon-box-left text-left\"  >\n\t\t\t\t\t<div class=\"icon-box-img\" style=\"width: 20px\">\n\t\t\t\t<div class=\"icon\">\n\t\t\t\t\t<div class=\"icon-inner\" >\n\t\t\t\t\t\t<img loading=\"lazy\" decoding=\"async\" width=\"40\" height=\"40\" src=\"https:\/\/tdtcthienduongtrochoi.com\/wp-content\/uploads\/2024\/10\/l26.png\" class=\"attachment-medium size-medium\" alt=\"\" \/>\t\t\t\t\t<\/div>\n\t\t\t\t<\/div>\n\t\t\t<\/div>\n\t\t\t\t<div class=\"icon-box-text last-reset\">\n\t\t\t\t\t\t\t\t\t\n\n<p><span class=\"subtitle\">Kh\u00f4ng chia s\u1ebb d\u1eef li\u1ec7u v\u1edbi b\u00ean th\u1ee9 3<\/span><br \/>\nT\u00ecm hi\u1ec3u th\u00eam v\u1ec1 c\u00e1ch nh\u00e0 ph\u00e1t tri\u1ec3n khai b\u00e1o th\u00f4ng tin v\u1ec1 ho\u1ea1t \u0111\u1ed9ng chia s\u1ebb d\u1eef li\u1ec7u<\/p>\n\n\t\t<\/div>\n\t<\/div>\n\t\n\t\n\n\t\t<div class=\"icon-box featured-box icon-box-left text-left\"  >\n\t\t\t\t\t<div class=\"icon-box-img\" style=\"width: 20px\">\n\t\t\t\t<div class=\"icon\">\n\t\t\t\t\t<div class=\"icon-inner\" >\n\t\t\t\t\t\t<img loading=\"lazy\" decoding=\"async\" width=\"40\" height=\"40\" src=\"https:\/\/tdtcthienduongtrochoi.com\/wp-content\/uploads\/2024\/10\/l27.png\" class=\"attachment-medium size-medium\" alt=\"\" \/>\t\t\t\t\t<\/div>\n\t\t\t\t<\/div>\n\t\t\t<\/div>\n\t\t\t\t<div class=\"icon-box-text last-reset\">\n\t\t\t\t\t\t\t\t\t\n\n<p><span class=\"subtitle\">Kh\u00f4ng thu th\u1eadp d\u1eef li\u1ec7u n\u00e0o<\/span><br \/>\nT\u00ecm hi\u1ec3u th\u00eam v\u1ec1 c\u00e1ch nh\u00e0 ph\u00e1t tri\u1ec3n khai b\u00e1o th\u00f4ng tin v\u1ec1 ho\u1ea1t \u0111\u1ed9ng chia s\u1ebb d\u1eef li\u1ec7u<\/p>\n\n\t\t<\/div>\n\t<\/div>\n\t\n\t\n<p><a class=\"security-button\" href=\"#\">Xem chi ti\u1ebft<\/a><\/p>\n\n\t\t<\/div>\n\t\t\t\t\t<\/div>\n\n\t\n\n<\/div>\n<div class=\"row headline-row headline-action-row\"  id=\"row-1089562215\">\n\n\n\t<div id=\"col-1404206614\" class=\"col headline-col medium-6 small-12 large-6\"  >\n\t\t\t\t<div class=\"col-inner\"  >\n\t\t\t\n\t\t\t\n\n<h2 class=\"headline\">X\u1ebfm h\u1ea1ng v\u00e0 \u0111\u00e1nh gi\u00e1<\/h2>\n<a href=\"#\" class=\"button primary lowercase custom-button\"  >\n    <span><\/span>\n  <\/a>\n\n\n\n\t\t<\/div>\n\t\t\t\t\t<\/div>\n\n\t\n\n\t<div id=\"col-1401457812\" class=\"col action-col medium-6 small-12 large-6\"  >\n\t\t\t\t<div class=\"col-inner text-right\"  >\n\t\t\t\n\t\t\t\n\n<a href=\"#\" class=\"button primary lowercase custom-suffix-button\"  >\n    <span>\u0110i\u1ec3m s\u1ed1 v\u00e0 \u0111\u00e1nh gi\u00e1 \u0111\u01b0\u1ee3c ki\u1ec3m tra<\/span>\n  <\/a>\n\n\n\n\t\t<\/div>\n\t\t\t\t\t<\/div>\n\n\t\n\n<\/div>\n<div class=\"row headline-row headline-action-row\"  id=\"row-220041339\">\n\n\n\t<div id=\"col-116686907\" class=\"col headline-col close-col small-12 large-12\"  >\n\t\t\t\t<div class=\"col-inner\"  >\n\t\t\t\n\t\t\t\n\n<a href=\"#\" class=\"button primary lowercase custom-prefix-button phone-btn active\"  >\n    <span>\u0110i\u1ec7n tho\u1ea1i<\/span>\n  <\/a>\n\n\n<a href=\"#\" class=\"button primary lowercase custom-prefix-button tablet-btn\"  >\n    <span>M\u00e1y t\u00ednh b\u1ea3ng<\/span>\n  <\/a>\n\n\n\n\t\t<\/div>\n\t\t\t\t\t<\/div>\n\n\t\n\n\t<div id=\"col-443018380\" class=\"col total-rating small-12 large-12\"  >\n\t\t\t\t<div class=\"col-inner\"  >\n\t\t\t\n\t\t\t\n\n\n\n<div class=\"total-reviews\">\n    <div class=\"total-reviews-wrapper\">\n      <div class=\"scores\">\n        <div class=\"rating-score\">4.8<\/div>\n        <div class=\"main-results\">\n          <span class=\"stars\">\n             <span class=\"material-symbols-outlined\">\n              star\n              <\/span> <span class=\"material-symbols-outlined\">\n              star\n              <\/span> <span class=\"material-symbols-outlined\">\n              star\n              <\/span> <span class=\"material-symbols-outlined\">\n              star\n              <\/span>\n          <\/span>\n        <\/div>\n        <div class=\"reviews-count\">32 ngh\u00ecn \u0111\u00e1nh gi\u00e1<\/div>\n      <\/div>\n      <div class=\"bars\">\n        <div class=\"rating-bar\">\n          <div class=\"rating-number\">5<\/div>\n          <div class=\"bar-bg\">\n            <div class=\"filled-percent\" style=\"width: 90%\"><\/div>\n          <\/div>\n        <\/div>\n        <div class=\"rating-bar\">\n          <div class=\"rating-number\">4<\/div>\n          <div class=\"bar-bg\">\n            <div class=\"filled-percent\" style=\"width: 30%\"><\/div>\n          <\/div>\n        <\/div>\n        <div class=\"rating-bar\">\n          <div class=\"rating-number\">3<\/div>\n          <div class=\"bar-bg\">\n            <div class=\"filled-percent\" style=\"width: 13%\"><\/div>\n          <\/div>\n        <\/div>\n        <div class=\"rating-bar\">\n          <div class=\"rating-number\">2<\/div>\n          <div class=\"bar-bg\">\n            <div class=\"filled-percent\" style=\"width: 10%\"><\/div>\n          <\/div>\n        <\/div>\n        <div class=\"rating-bar\">\n          <div class=\"rating-number\">1<\/div>\n          <div class=\"bar-bg\">\n            <div class=\"filled-percent\" style=\"width: 1%\"><\/div>\n          <\/div>\n        <\/div>\n      <\/div>\n    <\/div>\n  <\/div>\n\n\n\t\t<\/div>\n\t\t\t\t\t<\/div>\n\n\t\n\n\t<div id=\"col-375040634\" class=\"col small-12 large-12\"  >\n\t\t\t\t<div class=\"col-inner\"  >\n\t\t\t\n\t\t\t\n\n\t\t<div class=\"comment-block\">\n\t\t\t\t\n\n<div class=\"comment\">\n  <header class=\"user-info\">\n  <div class=\"user\">\n          <img decoding=\"async\" src=\"\/wp-content\/uploads\/2024\/10\/avar1.png\" class=\"avartar\" loading=\"lazy\"><\/p>\n  <div class=\"name\">Ho\u00e0ng H\u00f9ng<\/div>\n  <\/p>\n  <\/div>\n  <\/header>\n  <div class=\"result\">\n      <span class=\"stars\">\n         <span class=\"material-symbols-outlined\">\n            star\n            <\/span> <span class=\"material-symbols-outlined\">\n            star\n            <\/span> <span class=\"material-symbols-outlined\">\n            star\n            <\/span> <span class=\"material-symbols-outlined\">\n            star\n            <\/span> <span class=\"material-symbols-outlined\">\n            star\n            <\/span>\n      <\/span>\n      <span class=\"time\">1 thg 3 2024<\/span>\n    <\/div>\n  <div class=\"content\">\n      Game ch\u01a1i vui, xanh ch\u00edn tr\u1ea3 th\u01b0\u1edfng nhanh\n    <\/div>\n  <div class=\"vote\">\n      52 ng\u01b0\u1eddi th\u1ea5y b\u00e0i \u0111\u00e1nh gi\u00e1 n\u00e0y h\u1eefu \u00edch\n    <\/div>\n  <div class=\"comfirm\">\n  <p class=\"ask\">N\u1ed9i dung n\u00e0y c\u00f3 h\u1eefu \u00edch cho b\u1ea1n kh\u00f4ng?<\/p>\n  <p>    <a href=\"#\">C\u00f3<\/a>\n      <a href=\"#\">Kh\u00f4ng<\/a>\n    <\/div>\n  <\/div>\n\t\t<\/div>\n\t\n\t\t<div class=\"comment-block\">\n\t\t\t\t\n\n<div class=\"comment\">\n  <header class=\"user-info\">\n  <div class=\"user\">\n            <img decoding=\"async\" src=\"\/wp-content\/uploads\/2024\/10\/avar2.webp\" class=\"avartar\" loading=\"lazy\"><\/p>\n  <div class=\"name\">Caio Silva<\/div>\n  <\/p>\n  <\/div>\n  <\/header>\n  <div class=\"result\">\n        <span class=\"stars\">\n           <span class=\"material-symbols-outlined\">\n            star\n            <\/span> <span class=\"material-symbols-outlined\">\n            star\n            <\/span> <span class=\"material-symbols-outlined\">\n            star\n            <\/span> <span class=\"material-symbols-outlined\">\n            star\n            <\/span> <span class=\"material-symbols-outlined\">\n            star\n            <\/span>\n            <\/span>\n        <\/span>\n        <span class=\"time\">5 thg 12 2023<\/span>\n      <\/div>\n  <div class=\"content\">\n      Game ch\u01a1i m\u01b0\u1ee3t. CSKH nhanh g\u1ecdn nh\u1eb9!\n      <\/div>\n  <div class=\"vote\">\n        29 ng\u01b0\u1eddi th\u1ea5y b\u00e0i \u0111\u00e1nh gi\u00e1 n\u00e0y h\u1eefu \u00edch\n      <\/div>\n  <div class=\"comfirm\">\n  <p class=\"ask\">N\u1ed9i dung n\u00e0y c\u00f3 h\u1eefu \u00edch cho b\u1ea1n kh\u00f4ng?<\/p>\n  <p>    <a href=\"#\">C\u00f3<\/a>\n        <a href=\"#\">Kh\u00f4ng<\/a>\n      <\/div>\n  <\/p>\n  <\/div>\n\t\t<\/div>\n\t\n\t\t<div class=\"comment-block\">\n\t\t\t\t\n\n<div class=\"comment\">\n  <header class=\"user-info\">\n  <div class=\"user\">\n            <img decoding=\"async\" src=\"\/wp-content\/uploads\/2024\/10\/avar3.webp\" class=\"avartar\" loading=\"lazy\"><\/p>\n  <div class=\"name\">Nguy\u1ec5n \u00c1nh<\/div>\n  <\/p>\n  <\/div>\n  <\/header>\n  <div class=\"result\">\n        <span class=\"stars\">\n           <span class=\"material-symbols-outlined\">\n            star\n            <\/span> <span class=\"material-symbols-outlined\">\n            star\n            <\/span> <span class=\"material-symbols-outlined\">\n            star\n            <\/span> <span class=\"material-symbols-outlined\">\n            star\n            <\/span> <span class=\"material-symbols-outlined\">\n            star\n            <\/span>\n        <\/span>\n        <span class=\"time\">5 thg 12 2023<\/span>\n      <\/div>\n  <div class=\"content\">\n      Hay nha gi\u1ea3i tr\u00ed th\u00ec ok m\u00e0 c\u00f3 l\u1eafc nghe HK ch\u00e2n th\u1eadt l\u1eafm th\u1ea5y \u00edt ra 325 nh\u1ec9 \ud83e\udd23\n      <\/div>\n  <div class=\"vote\">\n        49 ng\u01b0\u1eddi th\u1ea5y b\u00e0i \u0111\u00e1nh gi\u00e1 n\u00e0y h\u1eefu \u00edch\n      <\/div>\n  <div class=\"comfirm\">\n  <p class=\"ask\">N\u1ed9i dung n\u00e0y c\u00f3 h\u1eefu \u00edch cho b\u1ea1n kh\u00f4ng?<\/p>\n  <p>    <a href=\"#\">C\u00f3<\/a>\n        <a href=\"#\">Kh\u00f4ng<\/a>\n      <\/div>\n  <\/p>\n  <\/div>\n\t\t<\/div>\n\t\n\n\t\t<\/div>\n\t\t\t\t\t<\/div>\n\n\t\n\n<\/div>\n<div class=\"row\"  id=\"row-191825500\">\n\n\n\t<div id=\"col-264446953\" class=\"col pb-0 small-12 large-12\"  >\n\t\t\t\t<div class=\"col-inner\"  >\n\t\t\t\n\t\t\t\n\n<div class=\"row headline-row\"  id=\"row-1235251078\">\n\n\n\t<div id=\"col-1691033483\" class=\"col headline-col small-12 large-12\"  >\n\t\t\t\t<div class=\"col-inner\"  >\n\t\t\t\n\t\t\t\n\n<h2 class=\"headline\">T\u00ednh n\u0103ng m\u1edbi<\/h2>\n\n\t\t<\/div>\n\t\t\t\t\t<\/div>\n\n\t\n\n<\/div>\n\t<div id=\"text-332364499\" class=\"text description-content\">\n\t\t\n\n<p>T\u1ed1i \u01b0u t\u1ed1c \u0111\u1ed9 tr\u1ea3i nghi\u1ec7m<\/p>\n\t\t\t<\/div>\n\t\n<a href=\"#\" class=\"button primary lowercase custom-prefix-simple-button negarive-rate\"  >\n    <span>\u0110\u00e1nh gi\u00e1 kh\u00f4ng ph\u00f9 h\u1ee3p<\/span>\n  <\/a>\n\n\n\n\t\t<\/div>\n\t\t\t\t\t<\/div>\n\n\t\n\n<\/div>\n\n\t\t<\/div>\n\t\t\t\t\t<\/div>\n\n\t\n\n\t<div id=\"col-862715292\" class=\"col image-radius pb-0 hide-for-small medium-3 small-12 large-3\"  >\n\t\t\t\t<div class=\"col-inner\"  >\n\t\t\t\n\t\t\t\n\n\t<div class=\"img has-hover image-radius x md-x lg-x y md-y lg-y\" id=\"image_913065215\">\n\t\t\t\t\t\t\t\t<div class=\"img-inner dark\" >\n\t\t\t<img loading=\"lazy\" decoding=\"async\" width=\"512\" height=\"512\" src=\"https:\/\/tdtcthienduongtrochoi.com\/wp-content\/uploads\/2024\/10\/logo.png\" class=\"attachment-large size-large\" alt=\"\" srcset=\"https:\/\/tdtcthienduongtrochoi.com\/wp-content\/uploads\/2024\/10\/logo.png 512w, https:\/\/tdtcthienduongtrochoi.com\/wp-content\/uploads\/2024\/10\/logo-300x300.png 300w, https:\/\/tdtcthienduongtrochoi.com\/wp-content\/uploads\/2024\/10\/logo-150x150.png 150w\" sizes=\"auto, (max-width: 512px) 100vw, 512px\" \/>\t\t\t\t\t\t\n\t\t\t\t\t<\/div>\n\t\t\t\t\t\t\t\t\n<style>\n#image_913065215 {\n  width: 100%;\n}\n<\/style>\n\t<\/div>\n\t\n\n\n\t\t<\/div>\n\t\t\t\t\t<\/div>\n\n\t\n\n<\/div>\n\n","protected":false},"excerpt":{"rendered":"","protected":false},"author":1,"featured_media":0,"parent":0,"menu_order":0,"comment_status":"closed","ping_status":"closed","template":"","meta":{"footnotes":""},"class_list":["post-17","page","type-page","status-publish","hentry"],"_links":{"self":[{"href":"https:\/\/tdtcthienduongtrochoi.com\/index.php\/wp-json\/wp\/v2\/pages\/17","targetHints":{"allow":["GET"]}}],"collection":[{"href":"https:\/\/tdtcthienduongtrochoi.com\/index.php\/wp-json\/wp\/v2\/pages"}],"about":[{"href":"https:\/\/tdtcthienduongtrochoi.com\/index.php\/wp-json\/wp\/v2\/types\/page"}],"author":[{"embeddable":true,"href":"https:\/\/tdtcthienduongtrochoi.com\/index.php\/wp-json\/wp\/v2\/users\/1"}],"replies":[{"embeddable":true,"href":"https:\/\/tdtcthienduongtrochoi.com\/index.php\/wp-json\/wp\/v2\/comments?post=17"}],"version-history":[{"count":0,"href":"https:\/\/tdtcthienduongtrochoi.com\/index.php\/wp-json\/wp\/v2\/pages\/17\/revisions"}],"wp:attachment":[{"href":"https:\/\/tdtcthienduongtrochoi.com\/index.php\/wp-json\/wp\/v2\/media?parent=17"}],"curies":[{"name":"wp","href":"https:\/\/api.w.org\/{rel}","templated":true}]}}